{"id":987,"date":"2022-01-19T14:23:11","date_gmt":"2022-01-19T14:23:11","guid":{"rendered":"https:\/\/ecopro.vdisain.dev\/hazardous-waste-management\/"},"modified":"2023-10-31T13:43:09","modified_gmt":"2023-10-31T13:43:09","slug":"hazardous-waste-management","status":"publish","type":"page","link":"https:\/\/www.ecopro.ee\/en\/hazardous-waste-management\/","title":{"rendered":"Hazardous waste management"},"content":{"rendered":"\t\t<div data-elementor-type=\"wp-page\" data-elementor-id=\"987\" class=\"elementor elementor-987 elementor-289\" data-elementor-post-type=\"page\">\n\t\t\t\t\t\t\t\t\t<section class=\"elementor-section elementor-top-section elementor-element elementor-element-47cac6a elementor-section-boxed elementor-section-height-default elementor-section-height-default\" data-id=\"47cac6a\" data-element_type=\"section\" data-settings=\"{&quot;background_background&quot;:&quot;classic&quot;}\">\n\t\t\t\t\t\t\t<div class=\"elementor-background-overlay\"><\/div>\n\t\t\t\t\t\t\t<div class=\"elementor-container elementor-column-gap-default\">\n\t\t\t\t\t<div class=\"elementor-column elementor-col-100 elementor-top-column elementor-element elementor-element-57be2bb\" data-id=\"57be2bb\" data-element_type=\"column\">\n\t\t\t<div class=\"elementor-widget-wrap elementor-element-populated\">\n\t\t\t\t\t\t\t\t<div class=\"elementor-element elementor-element-1c64be1 elementor-widget elementor-widget-heading\" data-id=\"1c64be1\" data-element_type=\"widget\" data-widget_type=\"heading.default\">\n\t\t\t\t<div class=\"elementor-widget-container\">\n\t\t\t<h2 class=\"elementor-heading-title elementor-size-default\">Hazardous waste <br>handling<\/h2>\t\t<\/div>\n\t\t\t\t<\/div>\n\t\t\t\t\t<\/div>\n\t\t<\/div>\n\t\t\t\t\t\t\t<\/div>\n\t\t<\/section>\n\t\t\t\t<section class=\"elementor-section elementor-top-section elementor-element elementor-element-5786ab2 elementor-section-boxed elementor-section-height-default elementor-section-height-default\" data-id=\"5786ab2\" data-element_type=\"section\">\n\t\t\t\t\t\t<div class=\"elementor-container elementor-column-gap-default\">\n\t\t\t\t\t<div class=\"elementor-column elementor-col-100 elementor-top-column elementor-element elementor-element-ea1d405\" data-id=\"ea1d405\" data-element_type=\"column\">\n\t\t\t<div class=\"elementor-widget-wrap elementor-element-populated\">\n\t\t\t\t\t\t\t\t<div class=\"elementor-element elementor-element-4489bf3 elementor-widget elementor-widget-spacer\" data-id=\"4489bf3\" data-element_type=\"widget\" data-widget_type=\"spacer.default\">\n\t\t\t\t<div class=\"elementor-widget-container\">\n\t\t\t\t\t<div class=\"elementor-spacer\">\n\t\t\t<div class=\"elementor-spacer-inner\"><\/div>\n\t\t<\/div>\n\t\t\t\t<\/div>\n\t\t\t\t<\/div>\n\t\t\t\t<div class=\"elementor-element elementor-element-c0fe72f elementor-widget elementor-widget-text-editor\" data-id=\"c0fe72f\" data-element_type=\"widget\" data-widget_type=\"text-editor.default\">\n\t\t\t\t<div class=\"elementor-widget-container\">\n\t\t\t\t\t\t\tWe accept waste types permitted by our environmental permits for handling in our treatment centers.\nCustomers can be companies. Private customers are not served in the processing centers.\nFind your nearest handling center and get in touch.\t\t\t\t\t\t<\/div>\n\t\t\t\t<\/div>\n\t\t\t\t\t<\/div>\n\t\t<\/div>\n\t\t\t\t\t\t\t<\/div>\n\t\t<\/section>\n\t\t\t\t\t\t\t<\/div>\n\t\t","protected":false},"excerpt":{"rendered":"<p>Hazardous waste handling We accept waste types permitted by our environmental permits for handling in our treatment centers. Customers can be companies. Private customers are not served in the processing centers. Find your nearest handling center and get in touch.<\/p>\n","protected":false},"author":1,"featured_media":0,"parent":0,"menu_order":0,"comment_status":"closed","ping_status":"closed","template":"","meta":{"inline_featured_image":false,"site-sidebar-layout":"no-sidebar","site-content-layout":"page-builder","ast-global-header-display":"","ast-main-header-display":"","ast-hfb-above-header-display":"","ast-hfb-below-header-display":"","ast-hfb-mobile-header-display":"","site-post-title":"disabled","ast-breadcrumbs-content":"","ast-featured-img":"disabled","footer-sml-layout":"","theme-transparent-header-meta":"default","adv-header-id-meta":"","stick-header-meta":"","header-above-stick-meta":"","header-main-stick-meta":"","header-below-stick-meta":"","footnotes":""},"class_list":["post-987","page","type-page","status-publish","hentry"],"yoast_head":"<!-- This site is optimized with the Yoast SEO plugin v21.5 - https:\/\/yoast.com\/wordpress\/plugins\/seo\/ -->\n<title>Hazardous waste management - EcoPro<\/title>\n<meta name=\"robots\" content=\"index, follow, max-snippet:-1, max-image-preview:large, max-video-preview:-1\" \/>\n<link rel=\"canonical\" href=\"https:\/\/www.ecopro.ee\/en\/hazardous-waste-management\/\" \/>\n<meta property=\"og:locale\" content=\"en_US\" \/>\n<meta property=\"og:type\" content=\"article\" \/>\n<meta property=\"og:title\" content=\"Hazardous waste management - EcoPro\" \/>\n<meta property=\"og:description\" content=\"Hazardous waste handling We accept waste types permitted by our environmental permits for handling in our treatment centers. Customers can be companies. Private customers are not served in the processing centers. Find your nearest handling center and get in touch.\" \/>\n<meta property=\"og:url\" content=\"https:\/\/www.ecopro.ee\/en\/hazardous-waste-management\/\" \/>\n<meta property=\"og:site_name\" content=\"EcoPro\" \/>\n<meta property=\"article:modified_time\" content=\"2023-10-31T13:43:09+00:00\" \/>\n<meta name=\"twitter:card\" content=\"summary_large_image\" \/>\n<script type=\"application\/ld+json\" class=\"yoast-schema-graph\">{\"@context\":\"https:\/\/schema.org\",\"@graph\":[{\"@type\":\"WebPage\",\"@id\":\"https:\/\/www.ecopro.ee\/en\/hazardous-waste-management\/\",\"url\":\"https:\/\/www.ecopro.ee\/en\/hazardous-waste-management\/\",\"name\":\"Hazardous waste management - EcoPro\",\"isPartOf\":{\"@id\":\"https:\/\/www.ecopro.ee\/#website\"},\"datePublished\":\"2022-01-19T14:23:11+00:00\",\"dateModified\":\"2023-10-31T13:43:09+00:00\",\"breadcrumb\":{\"@id\":\"https:\/\/www.ecopro.ee\/en\/hazardous-waste-management\/#breadcrumb\"},\"inLanguage\":\"en-US\",\"potentialAction\":[{\"@type\":\"ReadAction\",\"target\":[\"https:\/\/www.ecopro.ee\/en\/hazardous-waste-management\/\"]}]},{\"@type\":\"BreadcrumbList\",\"@id\":\"https:\/\/www.ecopro.ee\/en\/hazardous-waste-management\/#breadcrumb\",\"itemListElement\":[{\"@type\":\"ListItem\",\"position\":1,\"name\":\"Home\",\"item\":\"https:\/\/ecopro.ee\/en\/\"},{\"@type\":\"ListItem\",\"position\":2,\"name\":\"Hazardous waste management\"}]},{\"@type\":\"WebSite\",\"@id\":\"https:\/\/www.ecopro.ee\/#website\",\"url\":\"https:\/\/www.ecopro.ee\/\",\"name\":\"EcoPro\",\"description\":\"Keskkonnareostuse likvideerimine ja ohtlike j\u00e4\u00e4tmete k\u00e4itlemine\",\"publisher\":{\"@id\":\"https:\/\/www.ecopro.ee\/#organization\"},\"potentialAction\":[{\"@type\":\"SearchAction\",\"target\":{\"@type\":\"EntryPoint\",\"urlTemplate\":\"https:\/\/www.ecopro.ee\/?s={search_term_string}\"},\"query-input\":\"required name=search_term_string\"}],\"inLanguage\":\"en-US\"},{\"@type\":\"Organization\",\"@id\":\"https:\/\/www.ecopro.ee\/#organization\",\"name\":\"EcoPro\",\"url\":\"https:\/\/www.ecopro.ee\/\",\"logo\":{\"@type\":\"ImageObject\",\"inLanguage\":\"en-US\",\"@id\":\"https:\/\/www.ecopro.ee\/#\/schema\/logo\/image\/\",\"url\":\"http:\/\/ecopro.ee\/wp-content\/uploads\/2021\/10\/black.svg\",\"contentUrl\":\"http:\/\/ecopro.ee\/wp-content\/uploads\/2021\/10\/black.svg\",\"width\":517,\"height\":128,\"caption\":\"EcoPro\"},\"image\":{\"@id\":\"https:\/\/www.ecopro.ee\/#\/schema\/logo\/image\/\"}}]}<\/script>\n<!-- \/ Yoast SEO plugin. -->","yoast_head_json":{"title":"Hazardous waste management - EcoPro","robots":{"index":"index","follow":"follow","max-snippet":"max-snippet:-1","max-image-preview":"max-image-preview:large","max-video-preview":"max-video-preview:-1"},"canonical":"https:\/\/www.ecopro.ee\/en\/hazardous-waste-management\/","og_locale":"en_US","og_type":"article","og_title":"Hazardous waste management - EcoPro","og_description":"Hazardous waste handling We accept waste types permitted by our environmental permits for handling in our treatment centers. Customers can be companies. Private customers are not served in the processing centers. Find your nearest handling center and get in touch.","og_url":"https:\/\/www.ecopro.ee\/en\/hazardous-waste-management\/","og_site_name":"EcoPro","article_modified_time":"2023-10-31T13:43:09+00:00","twitter_card":"summary_large_image","schema":{"@context":"https:\/\/schema.org","@graph":[{"@type":"WebPage","@id":"https:\/\/www.ecopro.ee\/en\/hazardous-waste-management\/","url":"https:\/\/www.ecopro.ee\/en\/hazardous-waste-management\/","name":"Hazardous waste management - EcoPro","isPartOf":{"@id":"https:\/\/www.ecopro.ee\/#website"},"datePublished":"2022-01-19T14:23:11+00:00","dateModified":"2023-10-31T13:43:09+00:00","breadcrumb":{"@id":"https:\/\/www.ecopro.ee\/en\/hazardous-waste-management\/#breadcrumb"},"inLanguage":"en-US","potentialAction":[{"@type":"ReadAction","target":["https:\/\/www.ecopro.ee\/en\/hazardous-waste-management\/"]}]},{"@type":"BreadcrumbList","@id":"https:\/\/www.ecopro.ee\/en\/hazardous-waste-management\/#breadcrumb","itemListElement":[{"@type":"ListItem","position":1,"name":"Home","item":"https:\/\/ecopro.ee\/en\/"},{"@type":"ListItem","position":2,"name":"Hazardous waste management"}]},{"@type":"WebSite","@id":"https:\/\/www.ecopro.ee\/#website","url":"https:\/\/www.ecopro.ee\/","name":"EcoPro","description":"Keskkonnareostuse likvideerimine ja ohtlike j\u00e4\u00e4tmete k\u00e4itlemine","publisher":{"@id":"https:\/\/www.ecopro.ee\/#organization"},"potentialAction":[{"@type":"SearchAction","target":{"@type":"EntryPoint","urlTemplate":"https:\/\/www.ecopro.ee\/?s={search_term_string}"},"query-input":"required name=search_term_string"}],"inLanguage":"en-US"},{"@type":"Organization","@id":"https:\/\/www.ecopro.ee\/#organization","name":"EcoPro","url":"https:\/\/www.ecopro.ee\/","logo":{"@type":"ImageObject","inLanguage":"en-US","@id":"https:\/\/www.ecopro.ee\/#\/schema\/logo\/image\/","url":"http:\/\/ecopro.ee\/wp-content\/uploads\/2021\/10\/black.svg","contentUrl":"http:\/\/ecopro.ee\/wp-content\/uploads\/2021\/10\/black.svg","width":517,"height":128,"caption":"EcoPro"},"image":{"@id":"https:\/\/www.ecopro.ee\/#\/schema\/logo\/image\/"}}]}},"_links":{"self":[{"href":"https:\/\/www.ecopro.ee\/en\/wp-json\/wp\/v2\/pages\/987","targetHints":{"allow":["GET"]}}],"collection":[{"href":"https:\/\/www.ecopro.ee\/en\/wp-json\/wp\/v2\/pages"}],"about":[{"href":"https:\/\/www.ecopro.ee\/en\/wp-json\/wp\/v2\/types\/page"}],"author":[{"embeddable":true,"href":"https:\/\/www.ecopro.ee\/en\/wp-json\/wp\/v2\/users\/1"}],"replies":[{"embeddable":true,"href":"https:\/\/www.ecopro.ee\/en\/wp-json\/wp\/v2\/comments?post=987"}],"version-history":[{"count":4,"href":"https:\/\/www.ecopro.ee\/en\/wp-json\/wp\/v2\/pages\/987\/revisions"}],"predecessor-version":[{"id":1037,"href":"https:\/\/www.ecopro.ee\/en\/wp-json\/wp\/v2\/pages\/987\/revisions\/1037"}],"wp:attachment":[{"href":"https:\/\/www.ecopro.ee\/en\/wp-json\/wp\/v2\/media?parent=987"}],"curies":[{"name":"wp","href":"https:\/\/api.w.org\/{rel}","templated":true}]}}